{"id":106,"date":"2022-08-03T00:08:00","date_gmt":"2022-08-02T22:08:00","guid":{"rendered":"http:\/\/carlapallone.com\/?page_id=106"},"modified":"2022-09-24T09:28:59","modified_gmt":"2022-09-24T07:28:59","slug":"bio-disco","status":"publish","type":"page","link":"https:\/\/carlapallone.com\/index.php\/bio-disco\/","title":{"rendered":"BIO\/DISCO"},"content":{"rendered":"\n<p class=\"has-text-align-center\" style=\"font-size:75px\">ABOUT<\/p>\n\n\n\n<pre class=\"wp-block-verse has-text-align-center has-small-font-size\" style=\"font-style:normal;font-weight:300;line-height:1;letter-spacing:0.7px\"> Compositrice, autrice et interpr\u00e8te. Violoniste devenue multi-instrumentiste, Carla Pallone s\u2019est construit une identit\u00e9 composite et unique. Avec une affection tenace pour les cordes, elle construit un territoire sonore d\u00e9licat, qui se d\u00e9ploie entre mati\u00e8res organiques et analogiques. Sens aigu de la m\u00e9lodie, n\u00e9oclassicisme, minimalisme\u2026 les pi\u00e8ces de musique r\u00e9p\u00e9titive c\u00f4toient les ritournelles avec joie. Et si le violon est roi, les synth\u00e9tiseurs trouvent aussi leur place, qu\u2019ils se fassent basses inqui\u00e9tantes ou envol\u00e9es m\u00e9lodieuses.\n\nCarla a compos\u00e9 la musique de nombreux court-m\u00e9trages et longs-m\u00e9trages, dont \"La fille au bracelet\" de St\u00e9phane Demoustier (C\u00e9sar de la meilleure adaptation en 2021) ou \"Libre Garance&nbsp;!\" pr\u00e9sent\u00e9 au festival de Cannes en 2022. Elle affectionne aussi le spectacle vivant&nbsp;: elle signe la musique de la pi\u00e8ce de Guillaume Lavenant Winter is coming en 2020 et celle de La nuit juste avant les for\u00eats de Koltes, mise en sc\u00e8ne par Matthieu Cruciani en 2021. \n<\/pre>\n\n\n\n<figure class=\"wp-block-image size-large\" style=\"border-radius:9px\"><img loading=\"lazy\" decoding=\"async\" width=\"1024\" height=\"684\" src=\"http:\/\/carlapallone.com\/wp-content\/uploads\/2022\/09\/DSC05712-copie-1024x684.jpg\" alt=\"\" class=\"wp-image-589\" srcset=\"https:\/\/carlapallone.com\/wp-content\/uploads\/2022\/09\/DSC05712-copie-1024x684.jpg 1024w, https:\/\/carlapallone.com\/wp-content\/uploads\/2022\/09\/DSC05712-copie-300x200.jpg 300w, https:\/\/carlapallone.com\/wp-content\/uploads\/2022\/09\/DSC05712-copie-768x513.jpg 768w, https:\/\/carlapallone.com\/wp-content\/uploads\/2022\/09\/DSC05712-copie-1536x1026.jpg 1536w, https:\/\/carlapallone.com\/wp-content\/uploads\/2022\/09\/DSC05712-copie-2048x1368.jpg 2048w\" sizes=\"auto, (max-width: 1024px) 100vw, 1024px\" \/><\/figure>\n\n\n\n<pre class=\"wp-block-verse has-text-align-center has-small-font-size\" style=\"font-style:normal;font-weight:300;line-height:1;letter-spacing:0.7px\">Son parcours est riche d\u2019exp\u00e9riences fondatrices. En studio comme en tourn\u00e9e, Carla accompagne r\u00e9guli\u00e8rement des musiciens des sc\u00e8nes pop, exp\u00e9rimentales, rock ou \u00e9lectro parmi lesquels Shannon Wright, Rone, Stranded Horse, Matt Elliott, Will Guthrie ou le regrett\u00e9 Christophe. \n\nEn 2004, elle fonde <strong>Mansfield.TYA<\/strong> avec Julia Lano\u00eb. En une dizaine de disques, leur duo a re\u00e7u de nombreux prix et donn\u00e9 des centaines de concerts dans le monde. La tourn\u00e9e Monument Ordinaire s\u2019ach\u00e8vera sur un Olympia complet.&nbsp;\nDepuis 2007, elle se produit \u00e9galement en France et \u00e0 l'\u00e9tranger avec l'ensemble baroque <strong>Stradivaria<\/strong> dirig\u00e9 par Daniel Cuiller. Enfin en 2013, elle fonde aux c\u00f4t\u00e9s de Gaspar Claus et Christelle Lassort, le trio de musique improvis\u00e9e <strong>VAC\u039bRME<\/strong>. Ensemble, ils sortent leur premier album en 2018, dont les titres seront repris par l\u2019Orchestre Philharmonique Royal de Su\u00e8de. <\/pre>\n\n\n\n<p class=\"has-text-align-center has-x-large-font-size\">DISCOGRAPHIE<\/p>\n\n\n\n<figure class=\"wp-block-gallery has-nested-images columns-default is-cropped wp-block-gallery-1 is-layout-flex wp-block-gallery-is-layout-flex\">\n<figure class=\"wp-block-image size-large\"><a href=\"https:\/\/mansfieldtya.bandcamp.com\/album\/nyx\"><img loading=\"lazy\" decoding=\"async\" width=\"500\" height=\"500\" data-id=\"567\" src=\"http:\/\/carlapallone.com\/wp-content\/uploads\/2022\/09\/51CY2qLMEDL.jpg\" alt=\"\" class=\"wp-image-567\" srcset=\"https:\/\/carlapallone.com\/wp-content\/uploads\/2022\/09\/51CY2qLMEDL.jpg 500w, https:\/\/carlapallone.com\/wp-content\/uploads\/2022\/09\/51CY2qLMEDL-300x300.jpg 300w, https:\/\/carlapallone.com\/wp-content\/uploads\/2022\/09\/51CY2qLMEDL-150x150.jpg 150w\" sizes=\"auto, (max-width: 500px) 100vw, 500px\" \/><\/a><\/figure>\n\n\n\n<figure class=\"wp-block-image size-large\"><a href=\"https:\/\/laetitiasheriff.bandcamp.com\/album\/pandemonium-solace-and-stars\"><img loading=\"lazy\" decoding=\"async\" width=\"242\" height=\"228\" data-id=\"566\" src=\"http:\/\/carlapallone.com\/wp-content\/uploads\/2022\/09\/63_3700398711744.jpg\" alt=\"\" class=\"wp-image-566\"\/><\/a><\/figure>\n\n\n\n<figure class=\"wp-block-image size-large\"><a href=\"https:\/\/stringedvacarme.bandcamp.com\/album\/vac-rme\"><img loading=\"lazy\" decoding=\"async\" width=\"500\" height=\"500\" data-id=\"565\" src=\"http:\/\/carlapallone.com\/wp-content\/uploads\/2022\/09\/71BIZT323oL._SS500_.jpg\" alt=\"\" class=\"wp-image-565\" srcset=\"https:\/\/carlapallone.com\/wp-content\/uploads\/2022\/09\/71BIZT323oL._SS500_.jpg 500w, https:\/\/carlapallone.com\/wp-content\/uploads\/2022\/09\/71BIZT323oL._SS500_-300x300.jpg 300w, https:\/\/carlapallone.com\/wp-content\/uploads\/2022\/09\/71BIZT323oL._SS500_-150x150.jpg 150w\" sizes=\"auto, (max-width: 500px) 100vw, 500px\" \/><\/a><\/figure>\n\n\n\n<figure class=\"wp-block-image size-large\"><a href=\"https:\/\/villeneuve.bandcamp.com\/album\/artificial-virgins\"><img loading=\"lazy\" decoding=\"async\" width=\"600\" height=\"600\" data-id=\"568\" src=\"http:\/\/carlapallone.com\/wp-content\/uploads\/2022\/09\/600x600bf-60.jpg\" alt=\"\" class=\"wp-image-568\" srcset=\"https:\/\/carlapallone.com\/wp-content\/uploads\/2022\/09\/600x600bf-60.jpg 600w, https:\/\/carlapallone.com\/wp-content\/uploads\/2022\/09\/600x600bf-60-300x300.jpg 300w, https:\/\/carlapallone.com\/wp-content\/uploads\/2022\/09\/600x600bf-60-150x150.jpg 150w\" sizes=\"auto, (max-width: 600px) 100vw, 600px\" \/><\/a><\/figure>\n\n\n\n<figure class=\"wp-block-image size-large\"><a href=\"https:\/\/mansfieldtya.bandcamp.com\/album\/seules-au-bout-de-23-secondes\"><img loading=\"lazy\" decoding=\"async\" width=\"340\" height=\"340\" data-id=\"569\" src=\"http:\/\/carlapallone.com\/wp-content\/uploads\/2022\/09\/12435-MANSFIELD-TYA-SEULES-AU-BOUT-DE-23-SECONDES-LP.jpg\" alt=\"\" class=\"wp-image-569\" srcset=\"https:\/\/carlapallone.com\/wp-content\/uploads\/2022\/09\/12435-MANSFIELD-TYA-SEULES-AU-BOUT-DE-23-SECONDES-LP.jpg 340w, https:\/\/carlapallone.com\/wp-content\/uploads\/2022\/09\/12435-MANSFIELD-TYA-SEULES-AU-BOUT-DE-23-SECONDES-LP-300x300.jpg 300w, https:\/\/carlapallone.com\/wp-content\/uploads\/2022\/09\/12435-MANSFIELD-TYA-SEULES-AU-BOUT-DE-23-SECONDES-LP-150x150.jpg 150w\" sizes=\"auto, (max-width: 340px) 100vw, 340px\" \/><\/a><\/figure>\n\n\n\n<figure class=\"wp-block-image size-large\"><a href=\"https:\/\/mansfieldtya.bandcamp.com\/album\/la-jungle-nous-appelle-dit-elle\"><img loading=\"lazy\" decoding=\"async\" width=\"1024\" height=\"1024\" data-id=\"570\" src=\"http:\/\/carlapallone.com\/wp-content\/uploads\/2022\/09\/a0120327068_10-1024x1024.jpg\" alt=\"\" class=\"wp-image-570\" srcset=\"https:\/\/carlapallone.com\/wp-content\/uploads\/2022\/09\/a0120327068_10-1024x1024.jpg 1024w, https:\/\/carlapallone.com\/wp-content\/uploads\/2022\/09\/a0120327068_10-300x300.jpg 300w, https:\/\/carlapallone.com\/wp-content\/uploads\/2022\/09\/a0120327068_10-150x150.jpg 150w, https:\/\/carlapallone.com\/wp-content\/uploads\/2022\/09\/a0120327068_10-768x768.jpg 768w, https:\/\/carlapallone.com\/wp-content\/uploads\/2022\/09\/a0120327068_10.jpg 1200w\" sizes=\"auto, (max-width: 1024px) 100vw, 1024px\" \/><\/a><\/figure>\n<\/figure>\n\n\n\n<ul class=\"wp-block-list\"><li>CARLA PALLONE : \u00ab\u00a0E Tu Chi Sei ?\u00a0\u00bb &#8211; Impersonal Freedom (2022)<\/li><li>MANSFIELD.TYA : \u00ab\u00a0Twenty Years After\u00a0\u00bb &#8211; WARRIORECORDS (2022)<\/li><li>MANSFIELD.TYA : \u00ab Monument Ordinaire \u00bb &#8211; WARRIORECORDS (2021) <\/li><li>STRANDED HORSE : \u00ab Grand rod\u00e9o \u00bb &#8211; Ici d&rsquo;ailleurs (2021)<\/li><li>VAC\u039bRME : \u00ab VAC\u039bRME \u00bb &#8211; Les disques du festival permanent (2018)<\/li><li>Fran\u00e7ois ATLAS : \u00ab Les fleurs du mal \u00bb &#8211; Sil\u00e8ne (2018)<\/li><li>RONE : \u00ab Mirapolis \u00bb &#8211; Infine &#8211; (2017)<\/li><li>VILLENEUVE ET MORANDEAU Feat Vacarme : \u00ab\u00a0Artificial Virgins\u00a0\u00bb &#8211; Sounds like Yeah (2017)<\/li><li>MANSFIELD.TYA : \u00ab Corpo Inferno \u00bb &#8211; Vicious Circle (2015)<\/li><li>STRANDED HORSE : \u00ab Luxe\u00bb &#8211; Talitres (2015)<\/li><li>LAETITIA SHERIFF : \u00ab Pandemonium, Solace and Stars \u00bb &#8211; Yotanka Records (2014)<\/li><li>MANSFIELD.TYA : \u00ab June \u00bb &#8211; Kshantu (2014)<\/li><li>MANSFIELD.TYA : \u00ab La Jungle nous appelle \u00bb &#8211; Vicious Circle (2012)<\/li><li>MANSFIELD.TYA : \u00ab ReNYX \u00bb &#8211; Vicious Circle (2012)<\/li><li>ROVER : \u00ab The bow sessions \u00bb &#8211; Wagram Music\/Cinq 7 (2012)<\/li><li>MANSFIELD.TYA : \u00ab Nyx \u00bb &#8211; Vicious Circle (2011)<\/li><li>STRANDED HORSE : \u00ab Humbling Tides \u00bb &#8211; Talitres (2011)<\/li><li>MANSFIELD.TYA : \u00ab La petite troupe ne conna\u00eet pas la peur IV \u00bb &#8211; Vicious Circle (2010) <\/li><li>MANSFIELD.TYA : \u00ab Seules au bout de 23 secondes \u00bb &#8211; Vicious Circle et Kythibong (2009)<\/li><li>MANSFIELD.TYA : \u00ab Fuck \u00bb &#8211; T\u00e9ona (2006)<\/li><li>MANSFIELD.TYA : \u00ab June \u00bb &#8211; T\u00e9ona (2005)<\/li><\/ul>\n\n\n\n<figure class=\"wp-block-gallery has-nested-images columns-default is-cropped wp-block-gallery-2 is-layout-flex wp-block-gallery-is-layout-flex\">\n<figure class=\"wp-block-image size-large\"><a href=\"https:\/\/strandedhorse.bandcamp.com\/album\/humbling-tides\"><img loading=\"lazy\" decoding=\"async\" width=\"1024\" height=\"1024\" data-id=\"582\" src=\"http:\/\/carlapallone.com\/wp-content\/uploads\/2022\/09\/a0482282947_10-1-1024x1024.jpg\" alt=\"\" class=\"wp-image-582\" srcset=\"https:\/\/carlapallone.com\/wp-content\/uploads\/2022\/09\/a0482282947_10-1-1024x1024.jpg 1024w, https:\/\/carlapallone.com\/wp-content\/uploads\/2022\/09\/a0482282947_10-1-300x300.jpg 300w, https:\/\/carlapallone.com\/wp-content\/uploads\/2022\/09\/a0482282947_10-1-150x150.jpg 150w, https:\/\/carlapallone.com\/wp-content\/uploads\/2022\/09\/a0482282947_10-1-768x768.jpg 768w, https:\/\/carlapallone.com\/wp-content\/uploads\/2022\/09\/a0482282947_10-1.jpg 1200w\" sizes=\"auto, (max-width: 1024px) 100vw, 1024px\" \/><\/a><\/figure>\n\n\n\n<figure class=\"wp-block-image size-large\"><a href=\"https:\/\/talitres.bandcamp.com\/album\/luxe\"><img loading=\"lazy\" decoding=\"async\" width=\"1024\" height=\"1024\" data-id=\"585\" src=\"http:\/\/carlapallone.com\/wp-content\/uploads\/2022\/09\/a0870978211_10-1024x1024.jpg\" alt=\"\" class=\"wp-image-585\" srcset=\"https:\/\/carlapallone.com\/wp-content\/uploads\/2022\/09\/a0870978211_10-1024x1024.jpg 1024w, https:\/\/carlapallone.com\/wp-content\/uploads\/2022\/09\/a0870978211_10-300x300.jpg 300w, https:\/\/carlapallone.com\/wp-content\/uploads\/2022\/09\/a0870978211_10-150x150.jpg 150w, https:\/\/carlapallone.com\/wp-content\/uploads\/2022\/09\/a0870978211_10-768x768.jpg 768w, https:\/\/carlapallone.com\/wp-content\/uploads\/2022\/09\/a0870978211_10.jpg 1200w\" sizes=\"auto, (max-width: 1024px) 100vw, 1024px\" \/><\/a><\/figure>\n\n\n\n<figure class=\"wp-block-image size-large\"><a href=\"https:\/\/mansfieldtya.bandcamp.com\/album\/fuck\"><img loading=\"lazy\" decoding=\"async\" width=\"989\" height=\"1024\" data-id=\"583\" src=\"http:\/\/carlapallone.com\/wp-content\/uploads\/2022\/09\/a1200102877_10-1-989x1024.jpg\" alt=\"\" class=\"wp-image-583\" srcset=\"https:\/\/carlapallone.com\/wp-content\/uploads\/2022\/09\/a1200102877_10-1-989x1024.jpg 989w, https:\/\/carlapallone.com\/wp-content\/uploads\/2022\/09\/a1200102877_10-1-290x300.jpg 290w, https:\/\/carlapallone.com\/wp-content\/uploads\/2022\/09\/a1200102877_10-1-768x795.jpg 768w, https:\/\/carlapallone.com\/wp-content\/uploads\/2022\/09\/a1200102877_10-1.jpg 1159w\" sizes=\"auto, (max-width: 989px) 100vw, 989px\" \/><\/a><\/figure>\n\n\n\n<figure class=\"wp-block-image size-large\"><a href=\"https:\/\/francoisatlas.bandcamp.com\/album\/les-fleurs-du-mal\"><img loading=\"lazy\" decoding=\"async\" width=\"1024\" height=\"1024\" data-id=\"587\" src=\"http:\/\/carlapallone.com\/wp-content\/uploads\/2022\/09\/a2061234312_10-1-1024x1024.jpg\" alt=\"\" class=\"wp-image-587\" srcset=\"https:\/\/carlapallone.com\/wp-content\/uploads\/2022\/09\/a2061234312_10-1-1024x1024.jpg 1024w, https:\/\/carlapallone.com\/wp-content\/uploads\/2022\/09\/a2061234312_10-1-300x300.jpg 300w, https:\/\/carlapallone.com\/wp-content\/uploads\/2022\/09\/a2061234312_10-1-150x150.jpg 150w, https:\/\/carlapallone.com\/wp-content\/uploads\/2022\/09\/a2061234312_10-1-768x768.jpg 768w, https:\/\/carlapallone.com\/wp-content\/uploads\/2022\/09\/a2061234312_10-1.jpg 1200w\" sizes=\"auto, (max-width: 1024px) 100vw, 1024px\" \/><\/a><\/figure>\n\n\n\n<figure class=\"wp-block-image size-large\"><a href=\"https:\/\/mansfieldtya.bandcamp.com\/album\/corpo-inferno\"><img loading=\"lazy\" decoding=\"async\" width=\"700\" height=\"700\" data-id=\"579\" src=\"http:\/\/carlapallone.com\/wp-content\/uploads\/2022\/09\/a2448314116_5-1.jpg\" alt=\"\" class=\"wp-image-579\" srcset=\"https:\/\/carlapallone.com\/wp-content\/uploads\/2022\/09\/a2448314116_5-1.jpg 700w, https:\/\/carlapallone.com\/wp-content\/uploads\/2022\/09\/a2448314116_5-1-300x300.jpg 300w, https:\/\/carlapallone.com\/wp-content\/uploads\/2022\/09\/a2448314116_5-1-150x150.jpg 150w\" sizes=\"auto, (max-width: 700px) 100vw, 700px\" \/><\/a><\/figure>\n\n\n\n<figure class=\"wp-block-image size-large\"><a href=\"https:\/\/strandedhorse.bandcamp.com\/album\/grand-rodeo\"><img loading=\"lazy\" decoding=\"async\" width=\"1024\" height=\"1024\" data-id=\"597\" src=\"http:\/\/carlapallone.com\/wp-content\/uploads\/2022\/09\/Stranded-Horse-Grand-Rodeo-COVER-NHD2-2-1024x1024.jpg\" alt=\"\" class=\"wp-image-597\" srcset=\"https:\/\/carlapallone.com\/wp-content\/uploads\/2022\/09\/Stranded-Horse-Grand-Rodeo-COVER-NHD2-2-1024x1024.jpg 1024w, https:\/\/carlapallone.com\/wp-content\/uploads\/2022\/09\/Stranded-Horse-Grand-Rodeo-COVER-NHD2-2-300x300.jpg 300w, https:\/\/carlapallone.com\/wp-content\/uploads\/2022\/09\/Stranded-Horse-Grand-Rodeo-COVER-NHD2-2-150x150.jpg 150w, https:\/\/carlapallone.com\/wp-content\/uploads\/2022\/09\/Stranded-Horse-Grand-Rodeo-COVER-NHD2-2-768x768.jpg 768w, https:\/\/carlapallone.com\/wp-content\/uploads\/2022\/09\/Stranded-Horse-Grand-Rodeo-COVER-NHD2-2.jpg 1500w\" sizes=\"auto, (max-width: 1024px) 100vw, 1024px\" \/><\/a><\/figure>\n\n\n\n<figure class=\"wp-block-image size-large\"><a href=\"https:\/\/mansfieldtya.bandcamp.com\/album\/june\"><img loading=\"lazy\" decoding=\"async\" width=\"340\" height=\"340\" data-id=\"581\" src=\"http:\/\/carlapallone.com\/wp-content\/uploads\/2022\/09\/June-1.jpg\" alt=\"\" class=\"wp-image-581\" srcset=\"https:\/\/carlapallone.com\/wp-content\/uploads\/2022\/09\/June-1.jpg 340w, https:\/\/carlapallone.com\/wp-content\/uploads\/2022\/09\/June-1-300x300.jpg 300w, https:\/\/carlapallone.com\/wp-content\/uploads\/2022\/09\/June-1-150x150.jpg 150w\" sizes=\"auto, (max-width: 340px) 100vw, 340px\" \/><\/a><\/figure>\n\n\n\n<figure class=\"wp-block-image size-large\"><a href=\"https:\/\/rone-music.bandcamp.com\/album\/mirapolis\"><img loading=\"lazy\" decoding=\"async\" width=\"1024\" height=\"1024\" data-id=\"586\" src=\"http:\/\/carlapallone.com\/wp-content\/uploads\/2022\/09\/mirapolis-album2017-michelgondry-1-1024x1024.jpg\" alt=\"\" class=\"wp-image-586\" srcset=\"https:\/\/carlapallone.com\/wp-content\/uploads\/2022\/09\/mirapolis-album2017-michelgondry-1-1024x1024.jpg 1024w, https:\/\/carlapallone.com\/wp-content\/uploads\/2022\/09\/mirapolis-album2017-michelgondry-1-300x300.jpg 300w, https:\/\/carlapallone.com\/wp-content\/uploads\/2022\/09\/mirapolis-album2017-michelgondry-1-150x150.jpg 150w, https:\/\/carlapallone.com\/wp-content\/uploads\/2022\/09\/mirapolis-album2017-michelgondry-1-768x768.jpg 768w, https:\/\/carlapallone.com\/wp-content\/uploads\/2022\/09\/mirapolis-album2017-michelgondry-1-1536x1536.jpg 1536w, https:\/\/carlapallone.com\/wp-content\/uploads\/2022\/09\/mirapolis-album2017-michelgondry-1.jpg 2000w\" sizes=\"auto, (max-width: 1024px) 100vw, 1024px\" \/><\/a><\/figure>\n\n\n\n<figure class=\"wp-block-image size-full\"><a href=\"https:\/\/impersonalfreedom.bandcamp.com\/album\/e-tu-chi-sei\"><img loading=\"lazy\" decoding=\"async\" width=\"640\" height=\"640\" data-id=\"596\" src=\"http:\/\/carlapallone.com\/wp-content\/uploads\/2022\/09\/WCarla-Pallone-E-tu-chi-sei-e1663759247698.jpg\" alt=\"\" class=\"wp-image-596\" srcset=\"https:\/\/carlapallone.com\/wp-content\/uploads\/2022\/09\/WCarla-Pallone-E-tu-chi-sei-e1663759247698.jpg 640w, https:\/\/carlapallone.com\/wp-content\/uploads\/2022\/09\/WCarla-Pallone-E-tu-chi-sei-e1663759247698-300x300.jpg 300w, https:\/\/carlapallone.com\/wp-content\/uploads\/2022\/09\/WCarla-Pallone-E-tu-chi-sei-e1663759247698-150x150.jpg 150w\" sizes=\"auto, (max-width: 640px) 100vw, 640px\" \/><\/a><\/figure>\n<\/figure>\n","protected":false},"excerpt":{"rendered":"<p>ABOUT Compositrice, autrice et interpr\u00e8te. Violoniste devenue multi-instrumentiste, Carla Pallone s\u2019est construit une identit\u00e9 composite et unique. Avec une affection tenace pour les cordes, elle construit un territoire sonore d\u00e9licat, qui se d\u00e9ploie entre mati\u00e8res organiques et analogiques. Sens aigu de la m\u00e9lodie, n\u00e9oclassicisme, minimalisme\u2026 les pi\u00e8ces de musique r\u00e9p\u00e9titive c\u00f4toient les ritournelles avec joie. [&hellip;]<\/p>\n","protected":false},"author":1,"featured_media":0,"parent":0,"menu_order":0,"comment_status":"closed","ping_status":"closed","template":"","meta":{"footnotes":""},"class_list":["post-106","page","type-page","status-publish","hentry"],"_links":{"self":[{"href":"https:\/\/carlapallone.com\/index.php\/wp-json\/wp\/v2\/pages\/106","targetHints":{"allow":["GET"]}}],"collection":[{"href":"https:\/\/carlapallone.com\/index.php\/wp-json\/wp\/v2\/pages"}],"about":[{"href":"https:\/\/carlapallone.com\/index.php\/wp-json\/wp\/v2\/types\/page"}],"author":[{"embeddable":true,"href":"https:\/\/carlapallone.com\/index.php\/wp-json\/wp\/v2\/users\/1"}],"replies":[{"embeddable":true,"href":"https:\/\/carlapallone.com\/index.php\/wp-json\/wp\/v2\/comments?post=106"}],"version-history":[{"count":45,"href":"https:\/\/carlapallone.com\/index.php\/wp-json\/wp\/v2\/pages\/106\/revisions"}],"predecessor-version":[{"id":598,"href":"https:\/\/carlapallone.com\/index.php\/wp-json\/wp\/v2\/pages\/106\/revisions\/598"}],"wp:attachment":[{"href":"https:\/\/carlapallone.com\/index.php\/wp-json\/wp\/v2\/media?parent=106"}],"curies":[{"name":"wp","href":"https:\/\/api.w.org\/{rel}","templated":true}]}}